{"id":2126,"date":"2025-12-03T02:50:47","date_gmt":"2025-12-03T02:50:47","guid":{"rendered":"https:\/\/indiebeach.server-prod.com\/mention-legales\/"},"modified":"2026-04-15T06:22:54","modified_gmt":"2026-04-15T06:22:54","slug":"legal-notice","status":"publish","type":"page","link":"https:\/\/playamigos.server-prod.com\/en\/legal-notice\/","title":{"rendered":"Mention l\u00e9gales"},"content":{"rendered":"<div id=\"overlay-scroll\" class=\"overlay-scroll\"><\/div><div class=\"loader\" id=\"loader\" style=\"display: none;\">\n        <div class=\"loader-content\">\n            <div class=\"indie\" id=\"indie\">indie<\/div>\n            <div class=\"group\" id=\"group\">group<\/div>\n        <\/div>\n    <\/div><p>[et_pb_section fb_built=&#8221;1&#8243; custom_padding_last_edited=&#8221;on|tablet&#8221; _builder_version=&#8221;4.27.5&#8243; _module_preset=&#8221;default&#8221; background_color=&#8221;#000000&#8243; custom_padding=&#8221;225px||225px||false|false&#8221; custom_padding_tablet=&#8221;141px||141px||false|false&#8221; custom_padding_phone=&#8221;141px||141px||false|false&#8221; global_colors_info=&#8221;{}&#8221;][et_pb_row _builder_version=&#8221;4.27.4&#8243; _module_preset=&#8221;default&#8221; global_colors_info=&#8221;{}&#8221;][et_pb_column type=&#8221;4_4&#8243; _builder_version=&#8221;4.27.4&#8243; _module_preset=&#8221;default&#8221; global_colors_info=&#8221;{}&#8221;][et_pb_text module_class=&#8221;text-37 white&#8221; _builder_version=&#8221;4.27.5&#8243; _module_preset=&#8221;default&#8221; text_orientation=&#8221;center&#8221; hover_enabled=&#8221;0&#8243; global_colors_info=&#8221;{}&#8221; sticky_enabled=&#8221;0&#8243;]<\/p>\n<h1>Mentions l\u00e9gales<\/h1>\n<p>[\/et_pb_text][\/et_pb_column][\/et_pb_row][\/et_pb_section][et_pb_section fb_built=&#8221;1&#8243; custom_padding_last_edited=&#8221;on|tablet&#8221; module_class=&#8221;scroll-section&#8221; _builder_version=&#8221;4.27.5&#8243; _module_preset=&#8221;default&#8221; background_color=&#8221;#fffaeb&#8221; custom_padding=&#8221;160px||160px||false|false&#8221; custom_padding_tablet=&#8221;60px||60px||false|false&#8221; custom_padding_phone=&#8221;60px||60px||false|false&#8221; global_colors_info=&#8221;{}&#8221;][et_pb_row custom_padding_last_edited=&#8221;on|tablet&#8221; module_class=&#8221;mention-text&#8221; _builder_version=&#8221;4.27.5&#8243; _module_preset=&#8221;default&#8221; width=&#8221;100%&#8221; max_width=&#8221;100%&#8221; custom_padding=&#8221;0px|182px|0px|182px|false|false&#8221; custom_padding_tablet=&#8221;0px|16px|0px|16px|false|false&#8221; custom_padding_phone=&#8221;0px|16px|0px|16px|false|false&#8221; global_colors_info=&#8221;{}&#8221;][et_pb_column type=&#8221;4_4&#8243; _builder_version=&#8221;4.27.4&#8243; _module_preset=&#8221;default&#8221; global_colors_info=&#8221;{}&#8221;][et_pb_divider color=&#8221;#000000&#8243; divider_weight=&#8221;3px&#8221; _builder_version=&#8221;4.27.5&#8243; _module_preset=&#8221;default&#8221; custom_margin=&#8221;||0px||false|false&#8221; custom_padding=&#8221;0px||27px||false|false&#8221; custom_padding_tablet=&#8221;30px||7px||false|false&#8221; custom_padding_phone=&#8221;35px||12px||false|false&#8221; custom_padding_last_edited=&#8221;on|tablet&#8221; global_colors_info=&#8221;{}&#8221;][\/et_pb_divider][et_pb_text module_class=&#8221;text-37 black text-mention&#8221; _builder_version=&#8221;4.27.5&#8243; _module_preset=&#8221;default&#8221; text_font=&#8221;ModerneLLWeb-Medium||||||||&#8221; custom_margin=&#8221;||0px||false|false&#8221; custom_padding=&#8221;||0px||false|false&#8221; global_colors_info=&#8221;{}&#8221;]<\/p>\n<p><b>\u00c9diteur et propri\u00e9taire du site<\/b><\/p>\n<p>Le site <b>indiegroup.fr<\/b> est la propri\u00e9t\u00e9 de la soci\u00e9t\u00e9 <b>SAS INDIE GROUP<\/b>, immatricul\u00e9e au RCS de <b>Fr\u00e9jus<\/b> sous le num\u00e9ro <b>89868230700035<\/b> dont le si\u00e8ge social est situ\u00e9 au 104 Rue du Tibouren 83350 Ramatuelle<\/p>\n<p><b>E-mail :<\/b> <a href=\"mailto:info@indiegroup.fr\">info@indiegroup.fr<\/a><\/p>\n<p>[\/et_pb_text][et_pb_divider color=&#8221;#000000&#8243; divider_weight=&#8221;3px&#8221; _builder_version=&#8221;4.27.5&#8243; _module_preset=&#8221;default&#8221; custom_margin=&#8221;||0px||false|false&#8221; custom_padding=&#8221;50px||27px||false|false&#8221; custom_padding_tablet=&#8221;20px||7px||false|false&#8221; custom_padding_phone=&#8221;20px||7px||false|false&#8221; custom_padding_last_edited=&#8221;on|tablet&#8221; global_colors_info=&#8221;{}&#8221;][\/et_pb_divider][et_pb_text module_class=&#8221;text-37 black text-mention&#8221; _builder_version=&#8221;4.27.5&#8243; _module_preset=&#8221;default&#8221; text_font=&#8221;ModerneLLWeb-Medium||||||||&#8221; custom_margin=&#8221;||0px||false|false&#8221; custom_padding=&#8221;||0px||false|false&#8221; global_colors_info=&#8221;{}&#8221;]<\/p>\n<p><b>H\u00e9bergement<\/b><\/p>\n<p>Le site est h\u00e9berg\u00e9 par <b>o2switch<\/b><br \/><b>Si\u00e8ge social : <\/b>Chem. des Pardiaux, 63000 Clermont-Ferrand, France<br \/><b>RCS : <\/b>510 909 807 R.C.S. Clermont-ferrand<br \/><b>Num\u00e9ro de t\u00e9l\u00e9phone : <\/b>04 44 44 60 40<br \/><b>Site internet : <\/b><a href=\"https:\/\/www.o2switch.fr\">https:\/\/www.o2switch.fr<\/a><\/p>\n<p>[\/et_pb_text][et_pb_divider color=&#8221;#000000&#8243; divider_weight=&#8221;3px&#8221; _builder_version=&#8221;4.27.5&#8243; _module_preset=&#8221;default&#8221; custom_margin=&#8221;||0px||false|false&#8221; custom_padding=&#8221;50px||27px||false|false&#8221; custom_padding_tablet=&#8221;20px||7px||false|false&#8221; custom_padding_phone=&#8221;20px||7px||false|false&#8221; custom_padding_last_edited=&#8221;on|tablet&#8221; global_colors_info=&#8221;{}&#8221;][\/et_pb_divider][et_pb_text module_class=&#8221;text-37 black text-mention&#8221; _builder_version=&#8221;4.27.5&#8243; _module_preset=&#8221;default&#8221; text_font=&#8221;ModerneLLWeb-Medium||||||||&#8221; custom_margin=&#8221;||0px||false|false&#8221; custom_padding=&#8221;||0px||false|false&#8221; global_colors_info=&#8221;{}&#8221;]<\/p>\n<p><b>D\u00e9veloppement web<\/b><\/p>\n<p><b>fullContent :<\/b> <a href=\"https:\/\/fullcontent.com\/\">https:\/\/fullcontent.com\/<\/a><\/p>\n<p>[\/et_pb_text][et_pb_divider color=&#8221;#000000&#8243; divider_weight=&#8221;3px&#8221; _builder_version=&#8221;4.27.5&#8243; _module_preset=&#8221;default&#8221; custom_margin=&#8221;||0px||false|false&#8221; custom_padding=&#8221;50px||27px||false|false&#8221; custom_padding_tablet=&#8221;20px||7px||false|false&#8221; custom_padding_phone=&#8221;20px||7px||false|false&#8221; custom_padding_last_edited=&#8221;on|tablet&#8221; global_colors_info=&#8221;{}&#8221;][\/et_pb_divider][et_pb_text module_class=&#8221;text-37 black text-mention&#8221; _builder_version=&#8221;4.27.5&#8243; _module_preset=&#8221;default&#8221; text_font=&#8221;ModerneLLWeb-Medium||||||||&#8221; custom_margin=&#8221;||0px||false|false&#8221; custom_padding=&#8221;||0px||false|false&#8221; global_colors_info=&#8221;{}&#8221;]<b>Contenu du site<\/b><\/p>\n<p>Notre Soci\u00e9t\u00e9 s\u2019efforce de fournir une information de qualit\u00e9 et v\u00e9rifi\u00e9e. Notre Soci\u00e9t\u00e9 ne saurait toutefois engager sa responsabilit\u00e9 si une information semble inexacte ou non exhaustive.[\/et_pb_text][et_pb_divider color=&#8221;#000000&#8243; divider_weight=&#8221;3px&#8221; _builder_version=&#8221;4.27.5&#8243; _module_preset=&#8221;default&#8221; custom_margin=&#8221;||0px||false|false&#8221; custom_padding=&#8221;50px||27px||false|false&#8221; custom_padding_tablet=&#8221;20px||7px||false|false&#8221; custom_padding_phone=&#8221;20px||7px||false|false&#8221; custom_padding_last_edited=&#8221;on|tablet&#8221; global_colors_info=&#8221;{}&#8221;][\/et_pb_divider][et_pb_text module_class=&#8221;text-37 black text-mention&#8221; _builder_version=&#8221;4.27.5&#8243; _module_preset=&#8221;default&#8221; text_font=&#8221;ModerneLLWeb-Medium||||||||&#8221; custom_margin=&#8221;||0px||false|false&#8221; custom_padding=&#8221;||0px||false|false&#8221; global_colors_info=&#8221;{}&#8221;]<\/p>\n<p><b>Propri\u00e9t\u00e9 intellectuelle<\/b><\/p>\n<p>Toute reproduction totale ou partielle du site pour un usage autre que priv\u00e9, est strictement interdite. La structure g\u00e9n\u00e9rale du site, ainsi que les logiciels, textes, images anim\u00e9es ou fixes, sons, savoir-faire, dessins, graphismes et tout autre \u00e9l\u00e9ment composant le site sont la propri\u00e9t\u00e9 exclusive de notre soci\u00e9t\u00e9. Toute repr\u00e9sentation totale ou partielle du site ou d&#8217;un des \u00e9l\u00e9ments qui le composent sans l&#8217;autorisation pr\u00e9alable et expresse de notre Soci\u00e9t\u00e9 est dont interdite et constituerait une contrefa\u00e7on sanctionn\u00e9e par les articles L.335-2 et suivants du Code la Propri\u00e9t\u00e9 Intellectuelle.<\/p>\n<p>Il en est de m\u00eame des bases de donn\u00e9es figurant sur le Site qui sont prot\u00e9g\u00e9es par les articles L.341-1 et suivants du Code de la propri\u00e9t\u00e9 intellectuelle et dont toute extraction ou r\u00e9utilisation qualitativement ou quantitativement substantielle est sanctionn\u00e9e.<br \/>Les marques de notre Soci\u00e9t\u00e9 figurant sur le Site sont des marques d\u00e9pos\u00e9es. Toute reproduction, imitation ou usage, totale ou partielle, de ces marques sans l&#8217;autorisation expresse et pr\u00e9alable de notre Soci\u00e9t\u00e9 est strictement interdite conform\u00e9ment aux articles L.713-2 et suivants du Code la propri\u00e9t\u00e9 intellectuelle.<\/p>\n<p>Les autres signes distinctifs, notamment les d\u00e9nominations sociales et noms de domaine reproduits sur le Site sont la propri\u00e9t\u00e9 de notre Soci\u00e9t\u00e9 et toute reproduction sans autorisation expresse est susceptible de constituer une usurpation engageant la responsabilit\u00e9 de son auteur sur le fondement de l&#8217;article 1240 du Code civil.<\/p>\n<p>[\/et_pb_text][et_pb_divider color=&#8221;#000000&#8243; divider_weight=&#8221;3px&#8221; _builder_version=&#8221;4.27.5&#8243; _module_preset=&#8221;default&#8221; custom_margin=&#8221;||0px||false|false&#8221; custom_padding=&#8221;50px||27px||false|false&#8221; custom_padding_tablet=&#8221;20px||7px||false|false&#8221; custom_padding_phone=&#8221;20px||7px||false|false&#8221; custom_padding_last_edited=&#8221;on|tablet&#8221; global_colors_info=&#8221;{}&#8221;][\/et_pb_divider][et_pb_text module_class=&#8221;text-37 black text-mention&#8221; _builder_version=&#8221;4.27.5&#8243; _module_preset=&#8221;default&#8221; text_font=&#8221;ModerneLLWeb-Medium||||||||&#8221; custom_margin=&#8221;||0px||false|false&#8221; custom_padding=&#8221;||0px||false|false&#8221; global_colors_info=&#8221;{}&#8221;]<\/p>\n<p><b>Responsabilit\u00e9<\/b><\/p>\n<p>Compte tenu des sp\u00e9cificit\u00e9s du r\u00e9seau internet, notre Soci\u00e9t\u00e9 ne peut offrir aucune garantie de continuit\u00e9 du Site. Sa responsabilit\u00e9 ne peut, d\u00e8s lors, \u00eatre engag\u00e9e en cas de dommage li\u00e9 \u00e0 l\u2019impossibilit\u00e9 temporaire d\u2019acc\u00e9der au Site, du fait notamment d\u2019un dysfonctionnement ou d\u2019une saturation du r\u00e9seau internet.<\/p>\n<p>[\/et_pb_text][et_pb_divider color=&#8221;#000000&#8243; divider_weight=&#8221;3px&#8221; _builder_version=&#8221;4.27.5&#8243; _module_preset=&#8221;default&#8221; custom_margin=&#8221;||0px||false|false&#8221; custom_padding=&#8221;50px||27px||false|false&#8221; custom_padding_tablet=&#8221;20px||7px||false|false&#8221; custom_padding_phone=&#8221;20px||7px||false|false&#8221; custom_padding_last_edited=&#8221;on|tablet&#8221; global_colors_info=&#8221;{}&#8221;][\/et_pb_divider][et_pb_text module_class=&#8221;text-37 black text-mention&#8221; _builder_version=&#8221;4.27.5&#8243; _module_preset=&#8221;default&#8221; text_font=&#8221;ModerneLLWeb-Medium||||||||&#8221; custom_margin=&#8221;||0px||false|false&#8221; custom_padding=&#8221;||0px||false|false&#8221; global_colors_info=&#8221;{}&#8221;]<b>Politique de protection des donn\u00e9es<\/b><\/p>\n<p>Nous sommes susceptibles de collecter et de traiter des donn\u00e9es \u00e0 caract\u00e8re personnel vous concernant sur notre site internet dans le cadre de :<\/p>\n<ul>\n<li>Formulaire de contact<\/li>\n<li>Formulaire Newsletter<\/li>\n<\/ul>\n<p>La pr\u00e9sente politique a pour objet de vous informer des mesures et engagements pris par notre Soci\u00e9t\u00e9 afin de veiller \u00e0 la protection de vos donn\u00e9es.<br \/>\nNotre Soci\u00e9t\u00e9 s\u2019engage \u00e0 respecter la r\u00e9glementation en vigueur applicable au traitement de donn\u00e9es \u00e0 caract\u00e8re personnel et, en particulier, le r\u00e8glement (UE) 2016\/679 du Parlement europ\u00e9en et du Conseil du 27 avril 2016 applicable depuis le 25 mai 2018 ainsi que la loi n\u00b078-17 du 6 janvier 1978 relative \u00e0 l\u2019informatique, aux fichiers et aux libert\u00e9s modifi\u00e9es par la loi n\u00b02018-493 du 20 juin 2018 relative \u00e0 la protection des donn\u00e9es personnelles.<br \/>\nLa pr\u00e9sente politique de protection des donn\u00e9es est susceptible d\u2019\u00e9voluer en fonction du contexte l\u00e9gal et r\u00e8glementaire, ainsi que des prises de position de la CNIL en mati\u00e8re de protection des donn\u00e9es.<\/p>\n<p><b>Copyright : <\/b>SAS Indie Group<\/p>\n<p>Les images figurants sur ce site sont la propri\u00e9t\u00e9 de SAS INDIE GROUP[\/et_pb_text][\/et_pb_column][\/et_pb_row][\/et_pb_section]<\/p>\n","protected":false},"excerpt":{"rendered":"<p>Mentions l\u00e9gales\u00c9diteur et propri\u00e9taire du site Le site indiegroup.fr est la propri\u00e9t\u00e9 de la soci\u00e9t\u00e9 SAS INDIE GROUP, immatricul\u00e9e au RCS de Fr\u00e9jus sous le num\u00e9ro 89868230700035 dont le si\u00e8ge social est situ\u00e9 au 104 Rue du Tibouren 83350 Ramatuelle E-mail : info@indiegroup.frH\u00e9bergement Le site est h\u00e9berg\u00e9 par o2switchSi\u00e8ge social : Chem. des Pardiaux, 63000 [&hellip;]<\/p>\n","protected":false},"author":1,"featured_media":0,"parent":0,"menu_order":0,"comment_status":"closed","ping_status":"closed","template":"","meta":{"_acf_changed":false,"_et_pb_use_builder":"on","_et_pb_old_content":"","_et_gb_content_width":"","footnotes":""},"class_list":["post-2126","page","type-page","status-publish","hentry"],"acf":[],"yoast_head":"<!-- This site is optimized with the Yoast SEO plugin v26.6 - https:\/\/yoast.com\/wordpress\/plugins\/seo\/ -->\n<title>Mention l\u00e9gales - Indie Beach<\/title>\n<meta name=\"robots\" content=\"noindex, follow, max-snippet:-1, max-image-preview:large, max-video-preview:-1\" \/>\n<meta property=\"og:locale\" content=\"en_US\" \/>\n<meta property=\"og:type\" content=\"article\" \/>\n<meta property=\"og:title\" content=\"Mention l\u00e9gales - Indie Beach\" \/>\n<meta property=\"og:description\" content=\"Mentions l\u00e9gales\u00c9diteur et propri\u00e9taire du site Le site indiegroup.fr est la propri\u00e9t\u00e9 de la soci\u00e9t\u00e9 SAS INDIE GROUP, immatricul\u00e9e au RCS de Fr\u00e9jus sous le num\u00e9ro 89868230700035 dont le si\u00e8ge social est situ\u00e9 au 104 Rue du Tibouren 83350 Ramatuelle E-mail : info@indiegroup.frH\u00e9bergement Le site est h\u00e9berg\u00e9 par o2switchSi\u00e8ge social : Chem. des Pardiaux, 63000 [&hellip;]\" \/>\n<meta property=\"og:url\" content=\"https:\/\/playamigos.server-prod.com\/en\/legal-notice\/\" \/>\n<meta property=\"og:site_name\" content=\"Indie Beach\" \/>\n<meta property=\"article:modified_time\" content=\"2026-04-15T06:22:54+00:00\" \/>\n<meta name=\"twitter:card\" content=\"summary_large_image\" \/>\n<meta name=\"twitter:label1\" content=\"Est. reading time\" \/>\n\t<meta name=\"twitter:data1\" content=\"3 minutes\" \/>\n<script type=\"application\/ld+json\" class=\"yoast-schema-graph\">{\"@context\":\"https:\/\/schema.org\",\"@graph\":[{\"@type\":\"WebPage\",\"@id\":\"https:\/\/playamigos.server-prod.com\/en\/legal-notice\/\",\"url\":\"https:\/\/playamigos.server-prod.com\/en\/legal-notice\/\",\"name\":\"Mention l\u00e9gales - Indie Beach\",\"isPartOf\":{\"@id\":\"https:\/\/playamigos.server-prod.com\/en\/#website\"},\"datePublished\":\"2025-12-03T02:50:47+00:00\",\"dateModified\":\"2026-04-15T06:22:54+00:00\",\"breadcrumb\":{\"@id\":\"https:\/\/playamigos.server-prod.com\/en\/legal-notice\/#breadcrumb\"},\"inLanguage\":\"en-US\",\"potentialAction\":[{\"@type\":\"ReadAction\",\"target\":[\"https:\/\/playamigos.server-prod.com\/en\/legal-notice\/\"]}]},{\"@type\":\"BreadcrumbList\",\"@id\":\"https:\/\/playamigos.server-prod.com\/en\/legal-notice\/#breadcrumb\",\"itemListElement\":[{\"@type\":\"ListItem\",\"position\":1,\"name\":\"Accueil\",\"item\":\"https:\/\/playamigos.server-prod.com\/en\/\"},{\"@type\":\"ListItem\",\"position\":2,\"name\":\"Mention l\u00e9gales\"}]},{\"@type\":\"WebSite\",\"@id\":\"https:\/\/playamigos.server-prod.com\/en\/#website\",\"url\":\"https:\/\/playamigos.server-prod.com\/en\/\",\"name\":\"Indie Beach\",\"description\":\"\",\"potentialAction\":[{\"@type\":\"SearchAction\",\"target\":{\"@type\":\"EntryPoint\",\"urlTemplate\":\"https:\/\/playamigos.server-prod.com\/en\/?s={search_term_string}\"},\"query-input\":{\"@type\":\"PropertyValueSpecification\",\"valueRequired\":true,\"valueName\":\"search_term_string\"}}],\"inLanguage\":\"en-US\"}]}<\/script>\n<!-- \/ Yoast SEO plugin. -->","yoast_head_json":{"title":"Mention l\u00e9gales - Indie Beach","robots":{"index":"noindex","follow":"follow","max-snippet":"max-snippet:-1","max-image-preview":"max-image-preview:large","max-video-preview":"max-video-preview:-1"},"og_locale":"en_US","og_type":"article","og_title":"Mention l\u00e9gales - Indie Beach","og_description":"Mentions l\u00e9gales\u00c9diteur et propri\u00e9taire du site Le site indiegroup.fr est la propri\u00e9t\u00e9 de la soci\u00e9t\u00e9 SAS INDIE GROUP, immatricul\u00e9e au RCS de Fr\u00e9jus sous le num\u00e9ro 89868230700035 dont le si\u00e8ge social est situ\u00e9 au 104 Rue du Tibouren 83350 Ramatuelle E-mail : info@indiegroup.frH\u00e9bergement Le site est h\u00e9berg\u00e9 par o2switchSi\u00e8ge social : Chem. des Pardiaux, 63000 [&hellip;]","og_url":"https:\/\/playamigos.server-prod.com\/en\/legal-notice\/","og_site_name":"Indie Beach","article_modified_time":"2026-04-15T06:22:54+00:00","twitter_card":"summary_large_image","twitter_misc":{"Est. reading time":"3 minutes"},"schema":{"@context":"https:\/\/schema.org","@graph":[{"@type":"WebPage","@id":"https:\/\/playamigos.server-prod.com\/en\/legal-notice\/","url":"https:\/\/playamigos.server-prod.com\/en\/legal-notice\/","name":"Mention l\u00e9gales - Indie Beach","isPartOf":{"@id":"https:\/\/playamigos.server-prod.com\/en\/#website"},"datePublished":"2025-12-03T02:50:47+00:00","dateModified":"2026-04-15T06:22:54+00:00","breadcrumb":{"@id":"https:\/\/playamigos.server-prod.com\/en\/legal-notice\/#breadcrumb"},"inLanguage":"en-US","potentialAction":[{"@type":"ReadAction","target":["https:\/\/playamigos.server-prod.com\/en\/legal-notice\/"]}]},{"@type":"BreadcrumbList","@id":"https:\/\/playamigos.server-prod.com\/en\/legal-notice\/#breadcrumb","itemListElement":[{"@type":"ListItem","position":1,"name":"Accueil","item":"https:\/\/playamigos.server-prod.com\/en\/"},{"@type":"ListItem","position":2,"name":"Mention l\u00e9gales"}]},{"@type":"WebSite","@id":"https:\/\/playamigos.server-prod.com\/en\/#website","url":"https:\/\/playamigos.server-prod.com\/en\/","name":"Indie Beach","description":"","potentialAction":[{"@type":"SearchAction","target":{"@type":"EntryPoint","urlTemplate":"https:\/\/playamigos.server-prod.com\/en\/?s={search_term_string}"},"query-input":{"@type":"PropertyValueSpecification","valueRequired":true,"valueName":"search_term_string"}}],"inLanguage":"en-US"}]}},"_links":{"self":[{"href":"https:\/\/playamigos.server-prod.com\/en\/wp-json\/wp\/v2\/pages\/2126","targetHints":{"allow":["GET"]}}],"collection":[{"href":"https:\/\/playamigos.server-prod.com\/en\/wp-json\/wp\/v2\/pages"}],"about":[{"href":"https:\/\/playamigos.server-prod.com\/en\/wp-json\/wp\/v2\/types\/page"}],"author":[{"embeddable":true,"href":"https:\/\/playamigos.server-prod.com\/en\/wp-json\/wp\/v2\/users\/1"}],"replies":[{"embeddable":true,"href":"https:\/\/playamigos.server-prod.com\/en\/wp-json\/wp\/v2\/comments?post=2126"}],"version-history":[{"count":2,"href":"https:\/\/playamigos.server-prod.com\/en\/wp-json\/wp\/v2\/pages\/2126\/revisions"}],"predecessor-version":[{"id":2128,"href":"https:\/\/playamigos.server-prod.com\/en\/wp-json\/wp\/v2\/pages\/2126\/revisions\/2128"}],"wp:attachment":[{"href":"https:\/\/playamigos.server-prod.com\/en\/wp-json\/wp\/v2\/media?parent=2126"}],"curies":[{"name":"wp","href":"https:\/\/api.w.org\/{rel}","templated":true}]}}