{"id":2123,"date":"2026-03-08T03:05:08","date_gmt":"2026-03-08T03:05:08","guid":{"rendered":"https:\/\/indiebeach.server-prod.com\/politique-en-matiere-de-cookies\/"},"modified":"2026-04-15T06:16:02","modified_gmt":"2026-04-15T06:16:02","slug":"cookie-policy","status":"publish","type":"page","link":"https:\/\/playamigos.server-prod.com\/en\/cookie-policy\/","title":{"rendered":"Politique en mati\u00e8re de cookies"},"content":{"rendered":"<div id=\"overlay-scroll\" class=\"overlay-scroll\"><\/div><div class=\"loader\" id=\"loader\" style=\"display: none;\">\n        <div class=\"loader-content\">\n            <div class=\"indie\" id=\"indie\">indie<\/div>\n            <div class=\"group\" id=\"group\">group<\/div>\n        <\/div>\n    <\/div><p>[et_pb_section fb_built=&#8221;1&#8243; custom_padding_last_edited=&#8221;on|tablet&#8221; _builder_version=&#8221;4.27.5&#8243; _module_preset=&#8221;default&#8221; background_color=&#8221;#000000&#8243; custom_padding=&#8221;225px||225px||false|false&#8221; custom_padding_tablet=&#8221;141px||141px||false|false&#8221; custom_padding_phone=&#8221;141px||141px||false|false&#8221; global_colors_info=&#8221;{}&#8221;][et_pb_row _builder_version=&#8221;4.27.4&#8243; _module_preset=&#8221;default&#8221; global_colors_info=&#8221;{}&#8221;][et_pb_column type=&#8221;4_4&#8243; _builder_version=&#8221;4.27.4&#8243; _module_preset=&#8221;default&#8221; global_colors_info=&#8221;{}&#8221;][et_pb_text module_class=&#8221;text-37 white&#8221; _builder_version=&#8221;4.27.5&#8243; _module_preset=&#8221;default&#8221; text_orientation=&#8221;center&#8221; hover_enabled=&#8221;0&#8243; global_colors_info=&#8221;{}&#8221; sticky_enabled=&#8221;0&#8243;]<\/p>\n<h1>Politique en mati\u00e8re de cookies<\/h1>\n<p>[\/et_pb_text][\/et_pb_column][\/et_pb_row][\/et_pb_section][et_pb_section fb_built=&#8221;1&#8243; custom_padding_last_edited=&#8221;on|tablet&#8221; module_class=&#8221;scroll-section&#8221; _builder_version=&#8221;4.27.5&#8243; _module_preset=&#8221;default&#8221; custom_padding=&#8221;160px||160px||true|false&#8221; custom_padding_tablet=&#8221;60px||60px||false|false&#8221; custom_padding_phone=&#8221;60px||60px||false|false&#8221; global_colors_info=&#8221;{}&#8221;][et_pb_row custom_padding_last_edited=&#8221;on|tablet&#8221; module_class=&#8221;mention-text&#8221; _builder_version=&#8221;4.27.5&#8243; _module_preset=&#8221;default&#8221; width=&#8221;100%&#8221; max_width=&#8221;100%&#8221; custom_padding=&#8221;0px|182px|0px|182px|false|false&#8221; custom_padding_tablet=&#8221;0px|16px|0px|16px|false|false&#8221; custom_padding_phone=&#8221;0px|16px|0px|16px|false|false&#8221; global_colors_info=&#8221;{}&#8221;][et_pb_column type=&#8221;4_4&#8243; _builder_version=&#8221;4.27.4&#8243; _module_preset=&#8221;default&#8221; global_colors_info=&#8221;{}&#8221;][et_pb_text module_class=&#8221;text-37 black&#8221; _builder_version=&#8221;4.27.4&#8243; _module_preset=&#8221;default&#8221; text_font=&#8221;ModerneLLWeb-Medium||||||||&#8221; custom_margin=&#8221;||0px||false|false&#8221; custom_padding=&#8221;||0px||false|false&#8221; global_colors_info=&#8221;{}&#8221;]<\/p>\n<p>Bienvenue sur les sites de la soci\u00e9t\u00e9 Indie Group:<\/p>\n<p>[\/et_pb_text][et_pb_divider color=&#8221;#000000&#8243; divider_weight=&#8221;3px&#8221; _builder_version=&#8221;4.27.5&#8243; _module_preset=&#8221;default&#8221; custom_margin=&#8221;||0px||false|false&#8221; custom_padding=&#8221;50px||27px||false|false&#8221; custom_padding_tablet=&#8221;30px||7px||false|false&#8221; custom_padding_phone=&#8221;35px||12px||false|false&#8221; custom_padding_last_edited=&#8221;on|tablet&#8221; global_colors_info=&#8221;{}&#8221;][\/et_pb_divider][et_pb_text module_class=&#8221;text-37 black text-mention&#8221; _builder_version=&#8221;4.27.5&#8243; _module_preset=&#8221;default&#8221; text_font=&#8221;ModerneLLWeb-Medium||||||||&#8221; custom_margin=&#8221;||0px||false|false&#8221; custom_padding=&#8221;||0px||false|false&#8221; global_colors_info=&#8221;{}&#8221;]La soci\u00e9t\u00e9 <b>SARL INDIE GROUP<\/b> est susceptible d\u2019utiliser la technique des cookies ou toute autre technique assimil\u00e9e ou similaire sur son site internet, permettant notamment d\u2019am\u00e9liorer l\u2019interactivit\u00e9 dudit Site et de rendre les services plus performants.<br \/>\nL\u2019enregistrement des cookies lors de votre visite sur le Site est effectu\u00e9 en fonction des choix que vous avez exprim\u00e9s ou pouvez exprimer \u00e0 tout moment conform\u00e9ment \u00e0 la pr\u00e9sente politique.[\/et_pb_text][et_pb_divider color=&#8221;#000000&#8243; divider_weight=&#8221;3px&#8221; _builder_version=&#8221;4.27.5&#8243; _module_preset=&#8221;default&#8221; custom_margin=&#8221;||0px||false|false&#8221; custom_padding=&#8221;50px||27px||false|false&#8221; custom_padding_tablet=&#8221;30px||7px||false|false&#8221; custom_padding_phone=&#8221;35px||12px||false|false&#8221; custom_padding_last_edited=&#8221;on|tablet&#8221; global_colors_info=&#8221;{}&#8221;][\/et_pb_divider][et_pb_text module_class=&#8221;text-37 black text-mention&#8221; _builder_version=&#8221;4.27.5&#8243; _module_preset=&#8221;default&#8221; text_font=&#8221;ModerneLLWeb-Medium||||||||&#8221; custom_margin=&#8221;||0px||false|false&#8221; custom_padding=&#8221;||0px||false|false&#8221; global_colors_info=&#8221;{}&#8221;]<\/p>\n<p><b>1. Qu\u2019est-ce qu\u2019un cookie ?<\/b><\/p>\n<p>Un \u00ab cookie \u00bb est un petit fichier stock\u00e9 par un serveur dans le terminal (ordinateur, t\u00e9l\u00e9phone, etc.) d\u2019un utilisateur et associ\u00e9 \u00e0 un domaine web (c\u2019est \u00e0 dire dans la majorit\u00e9 des cas \u00e0 l\u2019ensemble des pages d\u2019un m\u00eame site web).  Ce fichier est automatiquement renvoy\u00e9 lors de contacts ult\u00e9rieurs avec le m\u00eame domaine.[\/et_pb_text][et_pb_divider color=&#8221;#000000&#8243; divider_weight=&#8221;3px&#8221; _builder_version=&#8221;4.27.5&#8243; _module_preset=&#8221;default&#8221; custom_margin=&#8221;||0px||false|false&#8221; custom_padding=&#8221;50px||27px||false|false&#8221; custom_padding_tablet=&#8221;30px||7px||false|false&#8221; custom_padding_phone=&#8221;35px||12px||false|false&#8221; custom_padding_last_edited=&#8221;on|tablet&#8221; global_colors_info=&#8221;{}&#8221;][\/et_pb_divider][et_pb_text module_class=&#8221;text-37 black text-mention&#8221; _builder_version=&#8221;4.27.5&#8243; _module_preset=&#8221;default&#8221; text_font=&#8221;ModerneLLWeb-Medium||||||||&#8221; custom_margin=&#8221;||0px||false|false&#8221; custom_padding=&#8221;||0px||false|false&#8221; global_colors_info=&#8221;{}&#8221;]<b>2. Quels sont les cookies susceptibles d\u2019\u00eatre d\u00e9pos\u00e9s sur le Site ?<\/p>\n<ul><\/b><\/p>\n<li>Cookies techniques, de fonctionnement : ces cookies permettent au Site de fonctionner de mani\u00e8re optimale, sans ces cookies, l\u2019utilisateur ne peut pas utiliser le Site normalement.<\/li>\n<\/ul>\n<p>Ces cookies requi\u00e8rent uniquement une information de l\u2019utilisation pour \u00eatre d\u00e9pos\u00e9s sur son terminal et n\u2019autorisent aucun suivi comportement ou d\u2019identification.<\/p>\n<ul>\n<li><strong>Cookies de mesure d\u2019audience :<\/strong>\u00a0en vue d\u2019\u00e9tablir des statistiques de fr\u00e9quentation et d\u2019utilisation des divers \u00e9l\u00e9ments composant le Site et d\u2019adapter ce dernier aux demandes de ses utilisateurs et d\u2019adapter son ergonomie,\u00a0le nombre de visites, le nombre de pages vues ainsi que l\u2019activit\u00e9 des utilisateurs sur le Site et leur fr\u00e9quence de retour peuvent \u00eatre mesur\u00e9s.<\/li>\n<\/ul>\n<p>Pour \u00eatre d\u00e9pos\u00e9s, les cookies de mesure d\u2019audience doivent \u00eatre express\u00e9ment accept\u00e9s par l\u2019utilisateur. Les donn\u00e9es recueillies par l\u2019interm\u00e9diaire des cookies sont anonymes et concernent, en plus des donn\u00e9es nativement et habituellement collect\u00e9es par Google Analytics, notamment et de fa\u00e7on non syst\u00e9matique l\u2019adresse IP, l\u2019ID utilisateur ou du groupe d\u2019utilisateurs, ID de session, ou encore les date et heure de connexion.<\/p>\n<p>Notre Soci\u00e9t\u00e9 informe l\u2019utilisateur du d\u00e9tail des cookies susceptibles d\u2019\u00eatre d\u00e9pos\u00e9s sur son terminal :<\/p>\n<table>\n<tbody>\n<tr>\n<td><strong>Type de cookie<\/strong><\/td>\n<td width=\"185\"><strong>Nom du cookie<\/strong><\/td>\n<td><strong>Finalit\u00e9<\/strong><\/td>\n<td><strong>Dur\u00e9e de conservation<\/strong><\/td>\n<\/tr>\n<tr>\n<td>Cookie de mesure d\u2019audience<\/td>\n<td>Pixel<\/td>\n<td>Fournir des donn\u00e9es analytiques pour am\u00e9liorer l\u2019exp\u00e9rience utilisateur<\/td>\n<td>90 jours<\/td>\n<\/tr>\n<tr>\n<td rowspan=\"2\">Cookie Google Analytics<\/td>\n<td>GA Users<\/td>\n<td>Analyser le nombre d\u2019informations relatives \u00e0 l\u2019activit\u00e9 du site internet nombre de visite trafic sur le site<\/td>\n<td rowspan=\"2\">14 mois<\/td>\n<\/tr>\n<tr>\n<td>GA Event<\/td>\n<td>Analyser le nombre d\u2019informations relatives au site faire suivre les soumissions de formulaires de contact.<\/td>\n<\/tr>\n<\/tbody>\n<\/table>\n<p>[\/et_pb_text][et_pb_divider color=&#8221;#000000&#8243; divider_weight=&#8221;3px&#8221; _builder_version=&#8221;4.27.5&#8243; _module_preset=&#8221;default&#8221; custom_margin=&#8221;||0px||false|false&#8221; custom_padding=&#8221;50px||27px||false|false&#8221; custom_padding_tablet=&#8221;20px||7px||false|false&#8221; custom_padding_phone=&#8221;20px||7px||false|false&#8221; custom_padding_last_edited=&#8221;on|tablet&#8221; global_colors_info=&#8221;{}&#8221;][\/et_pb_divider][et_pb_text module_class=&#8221;text-37 black text-mention&#8221; _builder_version=&#8221;4.27.5&#8243; _module_preset=&#8221;default&#8221; text_font=&#8221;ModerneLLWeb-Medium||||||||&#8221; custom_margin=&#8221;||0px||false|false&#8221; custom_padding=&#8221;||0px||false|false&#8221; global_colors_info=&#8221;{}&#8221;]<b>3. Quels sont vos droits ?<\/b><\/p>\n<p>Lors de votre premi\u00e8re visite sur le Site, nous vous informons de l\u2019utilisation de cookies.<br \/>\nAvant de poursuivre votre navigation, vous pourrez s\u00e9lectionner l\u2019usage que nous ferons de vos donn\u00e9es en acceptant les cookies, en les refusant ou en personnalisant votre choix, le cas \u00e9ch\u00e9ant.<\/p>\n<p>\u00c0 ce stade, un cookie sera install\u00e9 sur votre navigateur pour se souvenir de votre consentement, votre refus ou vos param\u00e9trages dans le cadre de la personnalisation.<\/p>\n<p>Notez cependant que si vous supprimez ce cookie de votre navigateur, le module sera de nouveau affich\u00e9 et votre consentement pourra \u00eatre de nouveau demand\u00e9 en fonction du type de cookies install\u00e9 et\/ou dont l\u2019installation est projet\u00e9e.[\/et_pb_text][et_pb_divider color=&#8221;#000000&#8243; divider_weight=&#8221;3px&#8221; _builder_version=&#8221;4.27.5&#8243; _module_preset=&#8221;default&#8221; custom_margin=&#8221;||0px||false|false&#8221; custom_padding=&#8221;50px||27px||false|false&#8221; custom_padding_tablet=&#8221;20px||7px||false|false&#8221; custom_padding_phone=&#8221;20px||7px||false|false&#8221; custom_padding_last_edited=&#8221;on|tablet&#8221; global_colors_info=&#8221;{}&#8221;][\/et_pb_divider][et_pb_text module_class=&#8221;text-37 black text-mention&#8221; _builder_version=&#8221;4.27.5&#8243; _module_preset=&#8221;default&#8221; text_font=&#8221;ModerneLLWeb-Medium||||||||&#8221; custom_margin=&#8221;||0px||false|false&#8221; custom_padding=&#8221;||0px||false|false&#8221; global_colors_info=&#8221;{}&#8221;]<b>4. Gestion des cookies<\/b><\/p>\n<p>L\u2019utilisateur peut supprimer et\/ou rejeter les cookies et autres traceurs :<\/p>\n<ul>\n<li>Par le biais du module de gestion que nous mettons \u00e0 disposition :<\/li>\n<\/ul>\n<p>L\u2019acceptation, le refus et la personnalisation peuvent \u00eatre mis \u00e0 jour \u00e0 tout moment en acc\u00e9dant de nouveau au module de gestion des cookies.<\/p>\n<ul>\n<li>En param\u00e9trant votre navigateur :<\/li>\n<\/ul>\n<p>Si la plupart des navigateurs sont param\u00e9tr\u00e9s par d\u00e9faut et acceptent l\u2019installation de cookies, l\u2019utilisateur a la possibilit\u00e9 de param\u00e9trer son navigateur internet de mani\u00e8re \u00e0 accepter ou refuser l\u2019installation ou l\u2019utilisation de cookies ou encore de choisir ceux qu\u2019il accepte selon leurs \u00e9metteurs.<\/p>\n<p>La configuration de chaque navigateur est diff\u00e9rente. Elle est d\u00e9crite dans le menu d\u2019aide du navigateur, qui permettra de savoir de quelle mani\u00e8re adapter les souhaits en mati\u00e8re de cookies :<\/p>\n<p><b>Pour Chrome\u2122 :<\/b> <a href=\"http:\/\/support.google.com\/chrome\/bin\/answer.py?hl=fr&amp;hlrm=en&amp;answer=95647\">http:\/\/support.google.com<\/a><br \/>\n<b>Pour Internet Explorer\u2122 : <\/b><a href=\"https:\/\/support.microsoft.com\/fr-fr\/help\/17442\/windows-internet-explorer-delete-manage-cookies\">https:\/\/support.microsoft.com<\/a><br \/>\n<b>Pour Safari\u2122 : <\/b><a href=\"http:\/\/docs.info.apple.com\/article.html?path=Safari\/3.0\/fr\/9277.html\">http:\/\/docs.info.apple.com<\/a><br \/>\n<b>Pour Firefox\u2122 : <\/b><a href=\"http:\/\/support.mozilla.org\/fr\/kb\/Activer%20et%20d%C3%A9sactiver%20les%20cookies\">http:\/\/support.mozilla.org<\/a><br \/>\n<b>Pour Opera\u2122 : <\/b><a href=\"http:\/\/help.opera.com\/Windows\/10.20\/fr\/cookies.html\">http:\/\/help.opera.com<\/a><\/p>\n<p>En param\u00e9trant le navigateur pour refuser les cookies, certaines fonctionnalit\u00e9s, pages, espaces du Site pourront ne pas \u00eatre accessibles, ce dont notre Soci\u00e9t\u00e9 ne saurait \u00eatre responsable.[\/et_pb_text][et_pb_divider color=&#8221;#000000&#8243; divider_weight=&#8221;3px&#8221; _builder_version=&#8221;4.27.5&#8243; _module_preset=&#8221;default&#8221; custom_margin=&#8221;||0px||false|false&#8221; custom_padding=&#8221;50px||27px||false|false&#8221; custom_padding_tablet=&#8221;20px||7px||false|false&#8221; custom_padding_phone=&#8221;20px||7px||false|false&#8221; custom_padding_last_edited=&#8221;on|tablet&#8221; global_colors_info=&#8221;{}&#8221;][\/et_pb_divider][et_pb_text module_class=&#8221;text-37 black text-mention&#8221; _builder_version=&#8221;4.27.5&#8243; _module_preset=&#8221;default&#8221; text_font=&#8221;ModerneLLWeb-Medium||||||||&#8221; custom_margin=&#8221;||0px||false|false&#8221; custom_padding=&#8221;||0px||false|false&#8221; global_colors_info=&#8221;{}&#8221;]<b>5. Contact<\/b><\/p>\n<p>Pour toute demande d\u2019information relative \u00e0 la pr\u00e9sente politique de protection des donn\u00e9es, vous pouvez nous \u00e9crire \u00e0 l\u2019adresse suivante : <a href=\"mailto:contact@indiegroup.fr\">contact@indiegroup.fr<\/a>[\/et_pb_text][\/et_pb_column][\/et_pb_row][\/et_pb_section]<\/p>\n","protected":false},"excerpt":{"rendered":"<p>Politique en mati\u00e8re de cookiesBienvenue sur les sites de la soci\u00e9t\u00e9 Indie Group:La soci\u00e9t\u00e9 SARL INDIE GROUP est susceptible d\u2019utiliser la technique des cookies ou toute autre technique assimil\u00e9e ou similaire sur son site internet, permettant notamment d\u2019am\u00e9liorer l\u2019interactivit\u00e9 dudit Site et de rendre les services plus performants. L\u2019enregistrement des cookies lors de votre visite [&hellip;]<\/p>\n","protected":false},"author":1,"featured_media":0,"parent":0,"menu_order":0,"comment_status":"closed","ping_status":"closed","template":"","meta":{"_acf_changed":false,"_et_pb_use_builder":"on","_et_pb_old_content":"","_et_gb_content_width":"","footnotes":""},"class_list":["post-2123","page","type-page","status-publish","hentry"],"acf":[],"yoast_head":"<!-- This site is optimized with the Yoast SEO plugin v26.6 - https:\/\/yoast.com\/wordpress\/plugins\/seo\/ -->\n<title>Politique en mati\u00e8re de cookies - Indie Beach<\/title>\n<meta name=\"robots\" content=\"noindex, follow, max-snippet:-1, max-image-preview:large, max-video-preview:-1\" \/>\n<meta property=\"og:locale\" content=\"en_US\" \/>\n<meta property=\"og:type\" content=\"article\" \/>\n<meta property=\"og:title\" content=\"Politique en mati\u00e8re de cookies - Indie Beach\" \/>\n<meta property=\"og:description\" content=\"Politique en mati\u00e8re de cookiesBienvenue sur les sites de la soci\u00e9t\u00e9 Indie Group:La soci\u00e9t\u00e9 SARL INDIE GROUP est susceptible d\u2019utiliser la technique des cookies ou toute autre technique assimil\u00e9e ou similaire sur son site internet, permettant notamment d\u2019am\u00e9liorer l\u2019interactivit\u00e9 dudit Site et de rendre les services plus performants. L\u2019enregistrement des cookies lors de votre visite [&hellip;]\" \/>\n<meta property=\"og:url\" content=\"https:\/\/playamigos.server-prod.com\/en\/cookie-policy\/\" \/>\n<meta property=\"og:site_name\" content=\"Indie Beach\" \/>\n<meta property=\"article:modified_time\" content=\"2026-04-15T06:16:02+00:00\" \/>\n<meta name=\"twitter:card\" content=\"summary_large_image\" \/>\n<meta name=\"twitter:label1\" content=\"Est. reading time\" \/>\n\t<meta name=\"twitter:data1\" content=\"4 minutes\" \/>\n<script type=\"application\/ld+json\" class=\"yoast-schema-graph\">{\"@context\":\"https:\/\/schema.org\",\"@graph\":[{\"@type\":\"WebPage\",\"@id\":\"https:\/\/playamigos.server-prod.com\/en\/cookie-policy\/\",\"url\":\"https:\/\/playamigos.server-prod.com\/en\/cookie-policy\/\",\"name\":\"Politique en mati\u00e8re de cookies - Indie Beach\",\"isPartOf\":{\"@id\":\"https:\/\/playamigos.server-prod.com\/en\/#website\"},\"datePublished\":\"2026-03-08T03:05:08+00:00\",\"dateModified\":\"2026-04-15T06:16:02+00:00\",\"breadcrumb\":{\"@id\":\"https:\/\/playamigos.server-prod.com\/en\/cookie-policy\/#breadcrumb\"},\"inLanguage\":\"en-US\",\"potentialAction\":[{\"@type\":\"ReadAction\",\"target\":[\"https:\/\/playamigos.server-prod.com\/en\/cookie-policy\/\"]}]},{\"@type\":\"BreadcrumbList\",\"@id\":\"https:\/\/playamigos.server-prod.com\/en\/cookie-policy\/#breadcrumb\",\"itemListElement\":[{\"@type\":\"ListItem\",\"position\":1,\"name\":\"Accueil\",\"item\":\"https:\/\/playamigos.server-prod.com\/en\/\"},{\"@type\":\"ListItem\",\"position\":2,\"name\":\"Politique en mati\u00e8re de cookies\"}]},{\"@type\":\"WebSite\",\"@id\":\"https:\/\/playamigos.server-prod.com\/en\/#website\",\"url\":\"https:\/\/playamigos.server-prod.com\/en\/\",\"name\":\"Indie Beach\",\"description\":\"\",\"potentialAction\":[{\"@type\":\"SearchAction\",\"target\":{\"@type\":\"EntryPoint\",\"urlTemplate\":\"https:\/\/playamigos.server-prod.com\/en\/?s={search_term_string}\"},\"query-input\":{\"@type\":\"PropertyValueSpecification\",\"valueRequired\":true,\"valueName\":\"search_term_string\"}}],\"inLanguage\":\"en-US\"}]}<\/script>\n<!-- \/ Yoast SEO plugin. -->","yoast_head_json":{"title":"Politique en mati\u00e8re de cookies - Indie Beach","robots":{"index":"noindex","follow":"follow","max-snippet":"max-snippet:-1","max-image-preview":"max-image-preview:large","max-video-preview":"max-video-preview:-1"},"og_locale":"en_US","og_type":"article","og_title":"Politique en mati\u00e8re de cookies - Indie Beach","og_description":"Politique en mati\u00e8re de cookiesBienvenue sur les sites de la soci\u00e9t\u00e9 Indie Group:La soci\u00e9t\u00e9 SARL INDIE GROUP est susceptible d\u2019utiliser la technique des cookies ou toute autre technique assimil\u00e9e ou similaire sur son site internet, permettant notamment d\u2019am\u00e9liorer l\u2019interactivit\u00e9 dudit Site et de rendre les services plus performants. L\u2019enregistrement des cookies lors de votre visite [&hellip;]","og_url":"https:\/\/playamigos.server-prod.com\/en\/cookie-policy\/","og_site_name":"Indie Beach","article_modified_time":"2026-04-15T06:16:02+00:00","twitter_card":"summary_large_image","twitter_misc":{"Est. reading time":"4 minutes"},"schema":{"@context":"https:\/\/schema.org","@graph":[{"@type":"WebPage","@id":"https:\/\/playamigos.server-prod.com\/en\/cookie-policy\/","url":"https:\/\/playamigos.server-prod.com\/en\/cookie-policy\/","name":"Politique en mati\u00e8re de cookies - Indie Beach","isPartOf":{"@id":"https:\/\/playamigos.server-prod.com\/en\/#website"},"datePublished":"2026-03-08T03:05:08+00:00","dateModified":"2026-04-15T06:16:02+00:00","breadcrumb":{"@id":"https:\/\/playamigos.server-prod.com\/en\/cookie-policy\/#breadcrumb"},"inLanguage":"en-US","potentialAction":[{"@type":"ReadAction","target":["https:\/\/playamigos.server-prod.com\/en\/cookie-policy\/"]}]},{"@type":"BreadcrumbList","@id":"https:\/\/playamigos.server-prod.com\/en\/cookie-policy\/#breadcrumb","itemListElement":[{"@type":"ListItem","position":1,"name":"Accueil","item":"https:\/\/playamigos.server-prod.com\/en\/"},{"@type":"ListItem","position":2,"name":"Politique en mati\u00e8re de cookies"}]},{"@type":"WebSite","@id":"https:\/\/playamigos.server-prod.com\/en\/#website","url":"https:\/\/playamigos.server-prod.com\/en\/","name":"Indie Beach","description":"","potentialAction":[{"@type":"SearchAction","target":{"@type":"EntryPoint","urlTemplate":"https:\/\/playamigos.server-prod.com\/en\/?s={search_term_string}"},"query-input":{"@type":"PropertyValueSpecification","valueRequired":true,"valueName":"search_term_string"}}],"inLanguage":"en-US"}]}},"_links":{"self":[{"href":"https:\/\/playamigos.server-prod.com\/en\/wp-json\/wp\/v2\/pages\/2123","targetHints":{"allow":["GET"]}}],"collection":[{"href":"https:\/\/playamigos.server-prod.com\/en\/wp-json\/wp\/v2\/pages"}],"about":[{"href":"https:\/\/playamigos.server-prod.com\/en\/wp-json\/wp\/v2\/types\/page"}],"author":[{"embeddable":true,"href":"https:\/\/playamigos.server-prod.com\/en\/wp-json\/wp\/v2\/users\/1"}],"replies":[{"embeddable":true,"href":"https:\/\/playamigos.server-prod.com\/en\/wp-json\/wp\/v2\/comments?post=2123"}],"version-history":[{"count":2,"href":"https:\/\/playamigos.server-prod.com\/en\/wp-json\/wp\/v2\/pages\/2123\/revisions"}],"predecessor-version":[{"id":2125,"href":"https:\/\/playamigos.server-prod.com\/en\/wp-json\/wp\/v2\/pages\/2123\/revisions\/2125"}],"wp:attachment":[{"href":"https:\/\/playamigos.server-prod.com\/en\/wp-json\/wp\/v2\/media?parent=2123"}],"curies":[{"name":"wp","href":"https:\/\/api.w.org\/{rel}","templated":true}]}}